{"id":69,"date":"2016-08-09T18:22:33","date_gmt":"2016-08-09T16:22:33","guid":{"rendered":"http:\/\/boxhandschuhe24-kaufen.de\/?page_id=69"},"modified":"2016-09-01T17:48:52","modified_gmt":"2016-09-01T15:48:52","slug":"datenschutz","status":"publish","type":"page","link":"https:\/\/boxhandschuhe24-kaufen.de\/?page_id=69","title":{"rendered":"Datenschutz"},"content":{"rendered":"<p>Datenschutz<br \/>\nDie Betreiber dieser Seiten nehmen den Schutz Ihrer pers\u00f6nlichen Daten sehr ernst. Wir behandeln Ihre<br \/>\npersonenbezogenen Daten vertraulich und entsprechend der gesetzlichen Datenschutzvorschriften sowie dieser<br \/>\nDatenschutzerkl\u00e4rung.<br \/>\nDie Nutzung unserer Webseite ist in der Regel ohne Angabe personenbezogener Daten m\u00f6glich. Soweit auf<br \/>\nunseren Seiten personenbezogene Daten (beispielsweise Name, Anschrift oder E-Mail-Adressen) erhoben<br \/>\nwerden, erfolgt dies, soweit m\u00f6glich, stets auf freiwilliger Basis. Diese Daten werden ohne Ihre ausdr\u00fcckliche<br \/>\nZustimmung nicht an Dritte weitergegeben.<br \/>\nWir weisen darauf hin, dass die Daten\u00fcbertragung im Internet (z.B. bei der Kommunikation per E-Mail)<br \/>\nSicherheitsl\u00fccken aufweisen kann. Ein l\u00fcckenloser Schutz der Daten vor dem Zugriff durch Dritte ist nicht<br \/>\nm\u00f6glich.<br \/>\nDatenschutzerkl\u00e4rung f\u00fcr die Nutzung von Facebook-Plugins (Like-Button)<br \/>\nAuf unseren Seiten sind Plugins des sozialen Netzwerks Facebook, Anbieter Facebook Inc., 1 Hacker Way,<br \/>\nMenlo Park, California 94025, USA, integriert. Die Facebook-Plugins erkennen Sie an dem Facebook-Logo oder<br \/>\ndem &#8222;Like-Button&#8220; (&#8222;Gef\u00e4llt mir&#8220;) auf unserer Seite. Eine \u00dcbersicht \u00fcber die Facebook-Plugins finden Sie hier:<br \/>\nhttp:\/\/developers.facebook.com\/docs\/plugins\/.<br \/>\nWenn Sie unsere Seiten besuchen, wird \u00fcber das Plugin eine direkte Verbindung zwischen Ihrem Browser und<br \/>\ndem Facebook-Server hergestellt. Facebook erh\u00e4lt dadurch die Information, dass Sie mit Ihrer IP-Adresse<br \/>\nunsere Seite besucht haben. Wenn Sie den Facebook &#8222;Like-Button&#8220; anklicken w\u00e4hrend Sie in Ihrem Facebook-<br \/>\nAccount eingeloggt sind, k\u00f6nnen Sie die Inhalte unserer Seiten auf Ihrem Facebook-Profil verlinken. Dadurch<br \/>\nkann Facebook den Besuch unserer Seiten Ihrem Benutzerkonto zuordnen. Wir weisen darauf hin, dass wir als<br \/>\nAnbieter der Seiten keine Kenntnis vom Inhalt der \u00fcbermittelten Daten sowie deren Nutzung durch Facebook<br \/>\nerhalten. Weitere Informationen hierzu finden Sie in der Datenschutzerkl\u00e4rung von Facebook unter<br \/>\nhttp:\/\/de-de.facebook.com\/policy.php.<br \/>\nWenn Sie nicht w\u00fcnschen, dass Facebook den Besuch unserer Seiten Ihrem Facebook- Nutzerkonto zuordnen<br \/>\nkann, loggen Sie sich bitte aus Ihrem Facebook-Benutzerkonto aus.<br \/>\nDatenschutzerkl\u00e4rung f\u00fcr die Nutzung von Google Analytics<br \/>\nDiese Website nutzt Funktionen des Webanalysedienstes Google Analytics. Anbieter ist die Google Inc. 1600<br \/>\nAmphitheatre Parkway Mountain View, CA 94043, USA. Google Analytics verwendet sog. &#8222;Cookies&#8220;. Das sind<br \/>\nTextdateien, die auf Ihrem Computer gespeichert werden und die eine Analyse der Benutzung der Website<br \/>\ndurch Sie erm\u00f6glichen. Die durch den Cookie erzeugten Informationen \u00fcber Ihre Benutzung dieser Website<br \/>\nwerden in der Regel an einen Server von Google in den USA \u00fcbertragen und dort gespeichert.<br \/>\nIm Falle der Aktivierung der IP-Anonymisierung auf dieser Webseite wird Ihre IP-Adresse von Google jedoch<br \/>\ninnerhalb von Mitgliedstaaten der Europ\u00e4ischen Union oder in anderen Vertragsstaaten des Abkommens \u00fcber<br \/>\nden Europ\u00e4ischen Wirtschaftsraum zuvor gek\u00fcrzt. Nur in Ausnahmef\u00e4llen wird die volle IP-Adresse an einen<br \/>\nServer von Google in den USA \u00fcbertragen und dort gek\u00fcrzt. Im Auftrag des Betreibers dieser Website wird<br \/>\nGoogle diese Informationen benutzen, um Ihre Nutzung der Website auszuwerten, um Reports \u00fcber die<br \/>\nWebsiteaktivit\u00e4ten zusammenzustellen und um weitere mit der Websitenutzung und der Internetnutzung<br \/>\nverbundene Dienstleistungen gegen\u00fcber dem Websitebetreiber zu erbringen. Die im Rahmen von Google<br \/>\nAnalytics von Ihrem Browser \u00fcbermittelte IP-Adresse wird nicht mit anderen Daten von Google<br \/>\nzusammengef\u00fchrt.<br \/>\nSie k\u00f6nnen die Speicherung der Cookies durch eine entsprechende Einstellung Ihrer Browser-Software<br \/>\nverhindern; wir weisen Sie jedoch darauf hin, dass Sie in diesem Fall gegebenenfalls nicht s\u00e4mtliche Funktionen<br \/>\ndieser Website vollumf\u00e4nglich werden nutzen k\u00f6nnen. Sie k\u00f6nnen dar\u00fcber hinaus die Erfassung der durch das<br \/>\nCookie erzeugten und auf Ihre Nutzung der Website bezogenen Daten (inkl. Ihrer IP-Adresse) an Google sowie<br \/>\ndie Verarbeitung dieser Daten durch Google verhindern, indem sie das unter dem folgenden Link verf\u00fcgbare<br \/>\nBrowser-Plugin herunterladen und installieren: http:\/\/tools.google.com\/dlpage\/gaoptout?hl=de<br \/>\nDatenschutzerkl\u00e4rung f\u00fcr die Nutzung von Google +1<br \/>\nUnsere Seiten nutzen Funktionen von Google +1. Anbieter ist die Google Inc. 1600 Amphitheatre Parkway<br \/>\nMountain View, CA 94043, USA.<br \/>\nErfassung und Weitergabe von Informationen: Mithilfe der Google +1-Schaltfl\u00e4che k\u00f6nnen Sie Informationen<br \/>\nweltweit ver\u00f6ffentlichen. \u00fcber die Google +1-Schaltfl\u00e4che erhalten Sie und andere Nutzer personalisierte Inhalte<br \/>\nvon Google und unseren Partnern. Google speichert sowohl die Information, dass Sie f\u00fcr einen Inhalt +1<br \/>\ngegeben haben, als auch Informationen \u00fcber die Seite, die Sie beim Klicken auf +1 angesehen haben. Ihre +1<br \/>\nk\u00f6nnen als Hinweise zusammen mit Ihrem Profilnamen und Ihrem Foto in Google-Diensten, wie etwa in<br \/>\nSuchergebnissen oder in Ihrem Google-Profil, oder an anderen Stellen auf Websites und Anzeigen im Internet<br \/>\neingeblendet werden. Google zeichnet Informationen \u00fcber Ihre +1-Aktivit\u00e4ten auf, um die Google-Dienste f\u00fcr Sie<br \/>\nund andere zu verbessern. Um die Google +1-Schaltfl\u00e4che verwenden zu k\u00f6nnen, ben\u00f6tigen Sie ein weltweit<br \/>\nsichtbares, \u00f6ffentliches Google-Profil, das zumindest den f\u00fcr das Profil gew\u00e4hlten Namen enthalten muss.<br \/>\nDieser Name wird in allen Google-Diensten verwendet. In manchen F\u00e4llen kann dieser Name auch einen<br \/>\nanderen Namen ersetzen, den Sie beim Teilen von Inhalten \u00fcber Ihr Google-Konto verwendet haben. Die<br \/>\nIdentit\u00e4t Ihres Google- Profils kann Nutzern angezeigt werden, die Ihre E-Mail-Adresse kennen oder \u00fcber andere<br \/>\nidentifizierende Informationen von Ihnen verf\u00fcgen.<br \/>\nVerwendung der erfassten Informationen: Neben den oben erl\u00e4uterten Verwendungszwecken werden die von<br \/>\nIhnen bereitgestellten Informationen gem\u00e4\u00df den geltenden Google-Datenschutzbestimmungen genutzt. Google<br \/>\nver\u00f6ffentlicht m\u00f6glicherweise zusammengefasste Statistiken \u00fcber die +1-Aktivit\u00e4ten der Nutzer bzw. gibt diese<br \/>\nan Nutzer und Partner weiter, wie etwa Publisher, Inserenten oder verbundene Websites.<br \/>\nDatenschutzerkl\u00e4rung f\u00fcr die Nutzung von Instagram<br \/>\nAuf unseren Seiten sind Funktionen des Dienstes Instagram eingebunden. Diese Funktionen werden angeboten<br \/>\ndurch die Instagram Inc., 1601 Willow Road, Menlo Park, CA, 94025, USA integriert. Wenn Sie in Ihrem<br \/>\nInstagram &#8211; Account eingeloggt sind k\u00f6nnen Sie durch Anklicken des Instagram &#8211; Buttons die Inhalte unserer<br \/>\nSeiten mit Ihrem Instagram &#8211; Profil verlinken. Dadurch kann Instagram den Besuch unserer Seiten Ihrem<br \/>\nBenutzerkonto zuordnen. Wir weisen darauf hin, dass wir als Anbieter der Seiten keine Kenntnis vom Inhalt der<br \/>\nu?bermittelten Daten sowie deren Nutzung durch Instagram erhalten.<br \/>\nWeitere Informationen hierzu finden Sie in der Datenschutzerkl\u00e4rung von Instagram:<br \/>\nhttp:\/\/instagram.com\/about\/legal\/privacy\/<br \/>\nDatenschutzerkl\u00e4rung f\u00fcr die Nutzung von Pinterest<br \/>\nAuf unserer Seite verwenden wir Social Plugins des sozialen Netzwerkes Pinterest, das von der Pinterest Inc.,<br \/>\n635 High Street, Palo Alto, CA, 94301, USA (&#8222;Pinterest&#8220;) betrieben wird. Wenn Sie eine Seite aufrufen die ein<br \/>\nsolches Plugin enth\u00e4lt, stellt Ihr Browser eine direkte Verbindung zu den Servern von Pinterest her. Das Plugin<br \/>\n\u00fcbermittelt dabei Protokolldaten an den Server von Pinterest in die USA. Diese Protokolldaten enthalten<br \/>\nm\u00f6glicherweise Ihre IP-Adresse, die Adresse der besuchten Websites, die ebenfalls Pinterest-Funktionen<br \/>\nenthalten, Art und Einstellungen des Browsers, Datum und Zeitpunkt der Anfrage, Ihre Verwendungsweise von<br \/>\nPinterest sowie Cookies.<br \/>\nWeitere Informationen zu Zweck, Umfang und weiterer Verarbeitung und Nutzung der Daten durch Pinterest<br \/>\nsowie Ihre diesbez\u00fcglichen Rechte und M\u00f6glichkeiten zum Schutz Ihrer Privatsph\u00e4re finden Sie in den den<br \/>\nDatenschutzhinweisen von Pinterest: https:\/\/about.pinterest.com\/de\/privacy-policy<br \/>\nDatenschutzerkl\u00e4rung f\u00fcr die Nutzung von Twitter<br \/>\nAuf unseren Seiten sind Funktionen des Dienstes Twitter eingebunden. Diese Funktionen werden angeboten<br \/>\ndurch die Twitter Inc., 1355 Market Street, Suite 900, San Francisco, CA 94103, USA. Durch das Benutzen von<br \/>\nTwitter und der Funktion &#8222;Re-Tweet&#8220; werden die von Ihnen besuchten Webseiten mit Ihrem Twitter-Account<br \/>\nverkn\u00fcpft und anderen Nutzern bekannt gegeben. Dabei werden auch Daten an Twitter \u00fcbertragen. Wir weisen<br \/>\ndarauf hin, dass wir als Anbieter der Seiten keine Kenntnis vom Inhalt der \u00fcbermittelten Daten sowie deren<br \/>\nNutzung durch Twitter erhalten. Weitere Informationen hierzu finden Sie in der Datenschutzerkl\u00e4rung von Twitter<br \/>\nunter http:\/\/twitter.com\/privacy.<br \/>\nIhre Datenschutzeinstellungen bei Twitter k\u00f6nnen Sie in den Konto-Einstellungen unter<br \/>\nhttp:\/\/twitter.com\/account\/settings \u00e4ndern.<br \/>\nDatenschutzerkl\u00e4rung f\u00fcr die Nutzung von Xing<br \/>\nUnsere Webseite nutzt Funktionen des Netzwerks XING. Anbieter ist die XING AG, Dammtorstra\u00dfe 29-32,<br \/>\n20354 Hamburg, Deutschland. Bei jedem Abruf einer unserer Seiten, die Funktionen von Xing enth\u00e4lt, wird eine<br \/>\nVerbindung zu Servern von Xing hergestellt. Eine Speicherung von personenbezogenen Daten erfolgt dabei<br \/>\nnach unserer Kenntnis nicht. Insbesondere werden keine IP-Adressen gespeichert oder das Nutzungsverhalten<br \/>\nausgewertet.<br \/>\nWeitere Information zum Datenschutz und dem Xing Share-Button finden Sie in der Datenschutzerkl\u00e4rung von<br \/>\nXing unter https:\/\/www.xing.com\/app\/share?op=data_protection<br \/>\nDatenschutzerkl\u00e4rung f\u00fcr die Nutzung von YouTube<br \/>\nUnsere Webseite nutzt Plugins der von Google betriebenen Seite YouTube. Betreiber der Seiten ist die<br \/>\nYouTube, LLC, 901 Cherry Ave., San Bruno, CA 94066, USA. Wenn Sie eine unserer mit einem YouTube-Plugin<br \/>\nausgestatteten Seiten besuchen, wird eine Verbindung zu den Servern von YouTube hergestellt. Dabei wird dem<br \/>\nYoutube-Server mitgeteilt, welche unserer Seiten Sie besucht haben.<br \/>\nWenn Sie in Ihrem YouTube-Account eingeloggt sind erm\u00f6glichen Sie YouTube, Ihr Surfverhalten direkt Ihrem<br \/>\npers\u00f6nlichen Profil zuzuordnen. Dies k\u00f6nnen Sie verhindern, indem Sie sich aus Ihrem YouTube-Account<br \/>\nausloggen.<br \/>\nWeitere Informationen zum Umgang von Nutzerdaten finden Sie in der Datenschutzerkl\u00e4rung von YouTube<br \/>\nunter https:\/\/www.google.de\/intl\/de\/policies\/privacy<br \/>\nAuskunft, L\u00f6schung, Sperrung<br \/>\nSie haben jederzeit das Recht auf unentgeltliche Auskunft \u00fcber Ihre gespeicherten personenbezogenen Daten,<br \/>\nderen Herkunft und Empf\u00e4nger und den Zweck der Datenverarbeitung sowie ein Recht auf Berichtigung,<br \/>\nSperrung oder L\u00f6schung dieser Daten. Hierzu sowie zu weiteren Fragen zum Thema personenbezogene Daten<br \/>\nk\u00f6nnen Sie sich jederzeit unter der im Impressum angegebenen Adresse an uns wenden.<br \/>\nCookies<br \/>\nDie Internetseiten verwenden teilweise so genannte Cookies. Cookies richten auf Ihrem Rechner keinen<br \/>\nSchaden an und enthalten keine Viren. Cookies dienen dazu, unser Angebot nutzerfreundlicher, effektiver und<br \/>\nsicherer zu machen. Cookies sind kleine Textdateien, die auf Ihrem Rechner abgelegt werden und die Ihr<br \/>\nBrowser speichert.<br \/>\nDie meisten der von uns verwendeten Cookies sind so genannte \u201eSession-Cookies\u201c. Sie werden nach Ende<br \/>\nIhres Besuchs automatisch gel\u00f6scht. Andere Cookies bleiben auf Ihrem Endger\u00e4t gespeichert, bis Sie diese<br \/>\nl\u00f6schen. Diese Cookies erm\u00f6glichen es uns, Ihren Browser beim n\u00e4chsten Besuch wiederzuerkennen.<br \/>\nSie k\u00f6nnen Ihren Browser so einstellen, dass Sie \u00fcber das Setzen von Cookies informiert werden und Cookies<br \/>\nnur im Einzelfall erlauben, die Annahme von Cookies f\u00fcr bestimmte F\u00e4lle oder generell ausschlie\u00dfen sowie das<br \/>\nautomatische L\u00f6schen der Cookies beim Schlie\u00dfen des Browser aktivieren. Bei der Deaktivierung von Cookies<br \/>\nkann die Funktionalit\u00e4t dieser Website eingeschr\u00e4nkt sein.<br \/>\nServer-Log-Files<br \/>\nDer Provider der Seiten erhebt und speichert automatisch Informationen in so genannten Server-Log Files, die<br \/>\nIhr Browser automatisch an uns \u00fcbermittelt. Dies sind:<br \/>\nBrowsertyp\/ Browserversion<br \/>\nverwendetes Betriebssystem<br \/>\nReferrer URL<br \/>\nHostname des zugreifenden Rechners<br \/>\nUhrzeit der Serveranfrage<br \/>\nDiese Daten sind nicht bestimmten Personen zuordenbar. Eine Zusammenf\u00fchrung dieser Daten mit anderen<br \/>\nDatenquellen wird nicht vorgenommen. Wir behalten uns vor, diese Daten nachtr\u00e4glich zu pr\u00fcfen, wenn uns<br \/>\nkonkrete Anhaltspunkte f\u00fcr eine rechtswidrige Nutzung bekannt werden.<\/p>\n","protected":false},"excerpt":{"rendered":"<p>Datenschutz Die Betreiber dieser Seiten nehmen den Schutz Ihrer pers\u00f6nlichen Daten sehr ernst. Wir behandeln Ihre personenbezogenen Daten vertraulich und entsprechend der gesetzlichen Datenschutzvorschriften sowie dieser Datenschutzerkl\u00e4rung. Die Nutzung unserer Webseite ist in der Regel ohne Angabe personenbezogener Daten m\u00f6glich. Soweit auf unseren Seiten personenbezogene Daten (beispielsweise Name, Anschrift oder E-Mail-Adressen) erhoben werden, erfolgt dies, &hellip;<\/p>\n","protected":false},"author":1,"featured_media":0,"parent":0,"menu_order":0,"comment_status":"closed","ping_status":"closed","template":"","meta":{"_exactmetrics_skip_tracking":false,"_exactmetrics_sitenote_active":false,"_exactmetrics_sitenote_note":"","_exactmetrics_sitenote_category":0,"footnotes":""},"class_list":["post-69","page","type-page","status-publish","hentry"],"yoast_head":"<!-- This site is optimized with the Yoast SEO plugin v18.9 - https:\/\/yoast.com\/wordpress\/plugins\/seo\/ -->\n<title>Datenschutz - boxhandschuhe24-kaufen.de<\/title>\n<meta name=\"robots\" content=\"index, follow, max-snippet:-1, max-image-preview:large, max-video-preview:-1\" \/>\n<link rel=\"canonical\" href=\"https:\/\/boxhandschuhe24-kaufen.de\/?page_id=69\" \/>\n<meta property=\"og:locale\" content=\"de_DE\" \/>\n<meta property=\"og:type\" content=\"article\" \/>\n<meta property=\"og:title\" content=\"Datenschutz - boxhandschuhe24-kaufen.de\" \/>\n<meta property=\"og:description\" content=\"Datenschutz Die Betreiber dieser Seiten nehmen den Schutz Ihrer pers\u00f6nlichen Daten sehr ernst. Wir behandeln Ihre personenbezogenen Daten vertraulich und entsprechend der gesetzlichen Datenschutzvorschriften sowie dieser Datenschutzerkl\u00e4rung. Die Nutzung unserer Webseite ist in der Regel ohne Angabe personenbezogener Daten m\u00f6glich. Soweit auf unseren Seiten personenbezogene Daten (beispielsweise Name, Anschrift oder E-Mail-Adressen) erhoben werden, erfolgt dies, &hellip;\" \/>\n<meta property=\"og:url\" content=\"https:\/\/boxhandschuhe24-kaufen.de\/?page_id=69\" \/>\n<meta property=\"og:site_name\" content=\"boxhandschuhe24-kaufen.de\" \/>\n<meta property=\"article:modified_time\" content=\"2016-09-01T15:48:52+00:00\" \/>\n<meta name=\"twitter:card\" content=\"summary\" \/>\n<meta name=\"twitter:label1\" content=\"Gesch\u00e4tzte Lesezeit\" \/>\n\t<meta name=\"twitter:data1\" content=\"9\u00a0Minuten\" \/>\n<script type=\"application\/ld+json\" class=\"yoast-schema-graph\">{\"@context\":\"https:\/\/schema.org\",\"@graph\":[{\"@type\":\"WebSite\",\"@id\":\"https:\/\/boxhandschuhe24-kaufen.de\/#website\",\"url\":\"https:\/\/boxhandschuhe24-kaufen.de\/\",\"name\":\"boxhandschuhe24-kaufen.de\",\"description\":\"Test - Preisvergleiche und vieles mehr\",\"potentialAction\":[{\"@type\":\"SearchAction\",\"target\":{\"@type\":\"EntryPoint\",\"urlTemplate\":\"https:\/\/boxhandschuhe24-kaufen.de\/?s={search_term_string}\"},\"query-input\":\"required name=search_term_string\"}],\"inLanguage\":\"de\"},{\"@type\":\"WebPage\",\"@id\":\"https:\/\/boxhandschuhe24-kaufen.de\/?page_id=69#webpage\",\"url\":\"https:\/\/boxhandschuhe24-kaufen.de\/?page_id=69\",\"name\":\"Datenschutz - boxhandschuhe24-kaufen.de\",\"isPartOf\":{\"@id\":\"https:\/\/boxhandschuhe24-kaufen.de\/#website\"},\"datePublished\":\"2016-08-09T16:22:33+00:00\",\"dateModified\":\"2016-09-01T15:48:52+00:00\",\"breadcrumb\":{\"@id\":\"https:\/\/boxhandschuhe24-kaufen.de\/?page_id=69#breadcrumb\"},\"inLanguage\":\"de\",\"potentialAction\":[{\"@type\":\"ReadAction\",\"target\":[\"https:\/\/boxhandschuhe24-kaufen.de\/?page_id=69\"]}]},{\"@type\":\"BreadcrumbList\",\"@id\":\"https:\/\/boxhandschuhe24-kaufen.de\/?page_id=69#breadcrumb\",\"itemListElement\":[{\"@type\":\"ListItem\",\"position\":1,\"name\":\"Startseite\",\"item\":\"https:\/\/boxhandschuhe24-kaufen.de\/\"},{\"@type\":\"ListItem\",\"position\":2,\"name\":\"Datenschutz\"}]}]}<\/script>\n<!-- \/ Yoast SEO plugin. -->","yoast_head_json":{"title":"Datenschutz - boxhandschuhe24-kaufen.de","robots":{"index":"index","follow":"follow","max-snippet":"max-snippet:-1","max-image-preview":"max-image-preview:large","max-video-preview":"max-video-preview:-1"},"canonical":"https:\/\/boxhandschuhe24-kaufen.de\/?page_id=69","og_locale":"de_DE","og_type":"article","og_title":"Datenschutz - boxhandschuhe24-kaufen.de","og_description":"Datenschutz Die Betreiber dieser Seiten nehmen den Schutz Ihrer pers\u00f6nlichen Daten sehr ernst. Wir behandeln Ihre personenbezogenen Daten vertraulich und entsprechend der gesetzlichen Datenschutzvorschriften sowie dieser Datenschutzerkl\u00e4rung. Die Nutzung unserer Webseite ist in der Regel ohne Angabe personenbezogener Daten m\u00f6glich. Soweit auf unseren Seiten personenbezogene Daten (beispielsweise Name, Anschrift oder E-Mail-Adressen) erhoben werden, erfolgt dies, &hellip;","og_url":"https:\/\/boxhandschuhe24-kaufen.de\/?page_id=69","og_site_name":"boxhandschuhe24-kaufen.de","article_modified_time":"2016-09-01T15:48:52+00:00","twitter_card":"summary","twitter_misc":{"Gesch\u00e4tzte Lesezeit":"9\u00a0Minuten"},"schema":{"@context":"https:\/\/schema.org","@graph":[{"@type":"WebSite","@id":"https:\/\/boxhandschuhe24-kaufen.de\/#website","url":"https:\/\/boxhandschuhe24-kaufen.de\/","name":"boxhandschuhe24-kaufen.de","description":"Test - Preisvergleiche und vieles mehr","potentialAction":[{"@type":"SearchAction","target":{"@type":"EntryPoint","urlTemplate":"https:\/\/boxhandschuhe24-kaufen.de\/?s={search_term_string}"},"query-input":"required name=search_term_string"}],"inLanguage":"de"},{"@type":"WebPage","@id":"https:\/\/boxhandschuhe24-kaufen.de\/?page_id=69#webpage","url":"https:\/\/boxhandschuhe24-kaufen.de\/?page_id=69","name":"Datenschutz - boxhandschuhe24-kaufen.de","isPartOf":{"@id":"https:\/\/boxhandschuhe24-kaufen.de\/#website"},"datePublished":"2016-08-09T16:22:33+00:00","dateModified":"2016-09-01T15:48:52+00:00","breadcrumb":{"@id":"https:\/\/boxhandschuhe24-kaufen.de\/?page_id=69#breadcrumb"},"inLanguage":"de","potentialAction":[{"@type":"ReadAction","target":["https:\/\/boxhandschuhe24-kaufen.de\/?page_id=69"]}]},{"@type":"BreadcrumbList","@id":"https:\/\/boxhandschuhe24-kaufen.de\/?page_id=69#breadcrumb","itemListElement":[{"@type":"ListItem","position":1,"name":"Startseite","item":"https:\/\/boxhandschuhe24-kaufen.de\/"},{"@type":"ListItem","position":2,"name":"Datenschutz"}]}]}},"_links":{"self":[{"href":"https:\/\/boxhandschuhe24-kaufen.de\/index.php?rest_route=\/wp\/v2\/pages\/69","targetHints":{"allow":["GET"]}}],"collection":[{"href":"https:\/\/boxhandschuhe24-kaufen.de\/index.php?rest_route=\/wp\/v2\/pages"}],"about":[{"href":"https:\/\/boxhandschuhe24-kaufen.de\/index.php?rest_route=\/wp\/v2\/types\/page"}],"author":[{"embeddable":true,"href":"https:\/\/boxhandschuhe24-kaufen.de\/index.php?rest_route=\/wp\/v2\/users\/1"}],"replies":[{"embeddable":true,"href":"https:\/\/boxhandschuhe24-kaufen.de\/index.php?rest_route=%2Fwp%2Fv2%2Fcomments&post=69"}],"version-history":[{"count":1,"href":"https:\/\/boxhandschuhe24-kaufen.de\/index.php?rest_route=\/wp\/v2\/pages\/69\/revisions"}],"predecessor-version":[{"id":70,"href":"https:\/\/boxhandschuhe24-kaufen.de\/index.php?rest_route=\/wp\/v2\/pages\/69\/revisions\/70"}],"wp:attachment":[{"href":"https:\/\/boxhandschuhe24-kaufen.de\/index.php?rest_route=%2Fwp%2Fv2%2Fmedia&parent=69"}],"curies":[{"name":"wp","href":"https:\/\/api.w.org\/{rel}","templated":true}]}}