{"id":597,"date":"2019-07-15T13:43:27","date_gmt":"2019-07-15T11:43:27","guid":{"rendered":"http:\/\/boxhandschuhe24-kaufen.de\/?page_id=597"},"modified":"2019-07-15T13:43:27","modified_gmt":"2019-07-15T11:43:27","slug":"kinderboxen","status":"publish","type":"page","link":"https:\/\/boxhandschuhe24-kaufen.de\/?page_id=597","title":{"rendered":"Kinderboxen"},"content":{"rendered":"<h1 class=\"western\"><span style=\"color: #05032d;\"><span style=\"font-family: Arial, sans-serif;\"><span style=\"font-size: large;\"><b>Alles andere als Schl\u00e4gertypen: Kinder schnuppern Boxluft<\/b><\/span><\/span><\/span><\/h1>\n<p><span style=\"color: #05032d;\"><span style=\"font-family: nzz-sans-serif, Helvetica, Arial;\"><span style=\"font-size: large;\">Vergangene Woche besuchten 268 Kinder den Boxkurs bei Christophe Bellehumeur.<\/span><\/span><\/span><\/p>\n<p><span style=\"color: #05032d;\"><span style=\"font-family: nzz-sans-serif, Helvetica, Arial;\"><span style=\"font-size: large;\">Aufw\u00e4rmen muss sein. Auch f\u00fcr die sieben Amriswiler Sch\u00fclerinnen und Sch\u00fcler, die im Rahmen des Ferienspa\u00dfes in eine Boxstunde bei Christophe Bellehumeur reinschnuppern. Der geb\u00fcrtige Mauritianer ist Pr\u00e4sident des Boxclubs Arbon und macht schon seit mehreren Jahren mit beim Ferien(s)pass.<\/span><\/span><\/span><\/p>\n<p><span style=\"color: #05032d;\"><span style=\"font-family: nzz-sans-serif, Helvetica, Arial;\"><span style=\"font-size: large;\">Die Arme vorw\u00e4rts und dann r\u00fcckw\u00e4rts kreisend laufen die f\u00fcnf Buben und zwei M\u00e4dchen um die Boxs\u00e4cke herum. \u00abUnd jetzt ein Arm nach vorne, den anderen nach hinten kreisen\u00bb, ruft Bellehumeur den Kindern zu. Diese sind mit der koordinativen \u00dcbung \u00fcberfordert. \u00abGar nicht so einfach\u00bb, sagt Bellehumeur mit einem L\u00e4cheln.<\/span><\/span><\/span><\/p>\n<p><span style=\"color: #05032d;\"><span style=\"font-family: nzz-sans-serif, Helvetica, Arial;\"><span style=\"font-size: large;\">Dann, endlich, werden die Boxhandschuhe verteilt. Die Kleinsten wollen sich gleich die gr\u00f6\u00dften Handschuhe schnappen. \u00abNoch nicht anziehen\u00bb, ruft der Trainer. Er stellt sicher, dass die Gr\u00f6\u00dfe zum Kind passt.<\/span><\/span><\/span><\/p>\n<h2 class=\"western\"><span style=\"color: #05032d;\"><span style=\"font-family: nzz-sans-serif, Helvetica, Arial;\"><span style=\"font-size: x-large;\"><b>Training mit Tennisb\u00e4llen und Boxhandschuhen<\/b><\/span><\/span><\/span><\/h2>\n<p><span style=\"color: #05032d;\"><span style=\"font-family: nzz-sans-serif, Helvetica, Arial;\"><span style=\"font-size: large;\">Geboxt wird also auch in diesen rund eineinhalb Stunden. Zuerst l\u00e4sst Bellehumeur die Kinder eine Rechts-links-Kombination gegen ihn ausf\u00fchren, sp\u00e4ter boxen sie auch noch mit m\u00f6glichst schnellen Schl\u00e4gen gegen den Sack. Aber zum Training geh\u00f6rt weit mehr als nur schlagen.<\/span><\/span><\/span><\/p>\n<p><span style=\"color: #05032d;\"><span style=\"font-family: nzz-sans-serif, Helvetica, Arial;\"><span style=\"font-size: large;\">Bellehumeur stellt klar, dass Boxen nichts mit \u00abSchl\u00e4gern\u00bb zu tun hat. Diesbez\u00fcglich habe er mit seinen Clubmitgliedern auch keine Probleme, sagt er. Zwar brauche es wie in jedem Wettkampfsport eine Portion Aggressivit\u00e4t, doch dies d\u00fcrfe nicht mir Gewalt gleichgesetzt werden.<\/span><\/span><\/span><\/p>\n<p><span style=\"color: #05032d;\"><span style=\"font-family: nzz-sans-serif, Helvetica, Arial;\"><span style=\"font-size: large;\">Bei den n\u00e4chsten \u00dcbungen werden dann ausschlie\u00dflich Tennisb\u00e4lle benutzt. Ge\u00fcbt werden die Koordination von Hand und Auge sowie die Reaktion. \u00abDiese kleinen Spiele haben alle einen Sinn\u00bb, sagt Bellehumeur, auch wenn sie scheinbar nichts mit Boxen zu tun haben.<\/span><\/span><\/span><\/p>\n<div id=\"subtitle-rekordzahl-an-anmeldungen\" dir=\"LTR\">\n<p><span style=\"color: #6e6e7e;\"><span style=\"font-family: Arial, sans-serif;\"><span style=\"font-size: medium;\">\u00ab<strong><span style=\"text-decoration: underline;\">Beim Boxsport vermischen viele Leute Gewalt mit Aggressivit\u00e4t. Meine Boxer machen mir keine Probleme.<\/span><\/strong>\u00bb<br \/>\n<\/span><\/span><\/span><strong><span style=\"color: #6e6e7e;\"><span style=\"font-family: Arial, sans-serif;\"><span style=\"font-size: medium;\"><b>Christophe Bellehumeur<br \/>\nBoxtrainer und Kursleiter<\/b><\/span><\/span><\/span><\/strong><\/p>\n<\/div>\n<h2 class=\"western\"><span style=\"color: #05032d;\"><span style=\"font-family: nzz-sans-serif, Helvetica, Arial;\"><span style=\"font-size: x-large;\"><b>Rekordzahl an Anmeldungen<\/b><\/span><\/span><\/span><\/h2>\n<p><span style=\"color: #05032d;\"><span style=\"font-family: nzz-sans-serif, Helvetica, Arial;\"><span style=\"font-size: large;\">Den Kindern spielt das keine Rolle. Die Schnupperlektion macht ihnen sichtbar Spa\u00df. \u00abKann ich mal bei dir im Training vorbeikommen?\u00bb, fragt einer der Buben nach dem Training. \u00abKlar\u00bb, antwortet der Trainer. \u00abJeden Freitag von 18 bis 19 Uhr ist Kindertraining.\u00bb Die Mutter gibt ihrem Sohn zu bedenken, dass dann aber auch Jugi-Turnen sei, doch dem Buben scheint es bereits den \u00c4rmel reingezogen zu haben.<\/span><\/span><\/span><\/p>\n","protected":false},"excerpt":{"rendered":"<p>Alles andere als Schl\u00e4gertypen: Kinder schnuppern Boxluft Vergangene Woche besuchten 268 Kinder den Boxkurs bei Christophe Bellehumeur. Aufw\u00e4rmen muss sein. Auch f\u00fcr die sieben Amriswiler Sch\u00fclerinnen und Sch\u00fcler, die im Rahmen des Ferienspa\u00dfes in eine Boxstunde bei Christophe Bellehumeur reinschnuppern. Der geb\u00fcrtige Mauritianer ist Pr\u00e4sident des Boxclubs Arbon und macht schon seit mehreren Jahren mit &hellip;<\/p>\n","protected":false},"author":1,"featured_media":0,"parent":0,"menu_order":0,"comment_status":"closed","ping_status":"closed","template":"","meta":{"_exactmetrics_skip_tracking":false,"_exactmetrics_sitenote_active":false,"_exactmetrics_sitenote_note":"","_exactmetrics_sitenote_category":0,"footnotes":""},"class_list":["post-597","page","type-page","status-publish","hentry"],"yoast_head":"<!-- This site is optimized with the Yoast SEO plugin v18.9 - https:\/\/yoast.com\/wordpress\/plugins\/seo\/ -->\n<title>Kinderboxen - boxhandschuhe24-kaufen.de<\/title>\n<meta name=\"robots\" content=\"index, follow, max-snippet:-1, max-image-preview:large, max-video-preview:-1\" \/>\n<link rel=\"canonical\" href=\"https:\/\/boxhandschuhe24-kaufen.de\/?page_id=597\" \/>\n<meta property=\"og:locale\" content=\"de_DE\" \/>\n<meta property=\"og:type\" content=\"article\" \/>\n<meta property=\"og:title\" content=\"Kinderboxen - boxhandschuhe24-kaufen.de\" \/>\n<meta property=\"og:description\" content=\"Alles andere als Schl\u00e4gertypen: Kinder schnuppern Boxluft Vergangene Woche besuchten 268 Kinder den Boxkurs bei Christophe Bellehumeur. Aufw\u00e4rmen muss sein. Auch f\u00fcr die sieben Amriswiler Sch\u00fclerinnen und Sch\u00fcler, die im Rahmen des Ferienspa\u00dfes in eine Boxstunde bei Christophe Bellehumeur reinschnuppern. Der geb\u00fcrtige Mauritianer ist Pr\u00e4sident des Boxclubs Arbon und macht schon seit mehreren Jahren mit &hellip;\" \/>\n<meta property=\"og:url\" content=\"https:\/\/boxhandschuhe24-kaufen.de\/?page_id=597\" \/>\n<meta property=\"og:site_name\" content=\"boxhandschuhe24-kaufen.de\" \/>\n<meta name=\"twitter:card\" content=\"summary\" \/>\n<meta name=\"twitter:label1\" content=\"Gesch\u00e4tzte Lesezeit\" \/>\n\t<meta name=\"twitter:data1\" content=\"2\u00a0Minuten\" \/>\n<script type=\"application\/ld+json\" class=\"yoast-schema-graph\">{\"@context\":\"https:\/\/schema.org\",\"@graph\":[{\"@type\":\"WebSite\",\"@id\":\"https:\/\/boxhandschuhe24-kaufen.de\/#website\",\"url\":\"https:\/\/boxhandschuhe24-kaufen.de\/\",\"name\":\"boxhandschuhe24-kaufen.de\",\"description\":\"Test - Preisvergleiche und vieles mehr\",\"potentialAction\":[{\"@type\":\"SearchAction\",\"target\":{\"@type\":\"EntryPoint\",\"urlTemplate\":\"https:\/\/boxhandschuhe24-kaufen.de\/?s={search_term_string}\"},\"query-input\":\"required name=search_term_string\"}],\"inLanguage\":\"de\"},{\"@type\":\"WebPage\",\"@id\":\"https:\/\/boxhandschuhe24-kaufen.de\/?page_id=597#webpage\",\"url\":\"https:\/\/boxhandschuhe24-kaufen.de\/?page_id=597\",\"name\":\"Kinderboxen - boxhandschuhe24-kaufen.de\",\"isPartOf\":{\"@id\":\"https:\/\/boxhandschuhe24-kaufen.de\/#website\"},\"datePublished\":\"2019-07-15T11:43:27+00:00\",\"dateModified\":\"2019-07-15T11:43:27+00:00\",\"breadcrumb\":{\"@id\":\"https:\/\/boxhandschuhe24-kaufen.de\/?page_id=597#breadcrumb\"},\"inLanguage\":\"de\",\"potentialAction\":[{\"@type\":\"ReadAction\",\"target\":[\"https:\/\/boxhandschuhe24-kaufen.de\/?page_id=597\"]}]},{\"@type\":\"BreadcrumbList\",\"@id\":\"https:\/\/boxhandschuhe24-kaufen.de\/?page_id=597#breadcrumb\",\"itemListElement\":[{\"@type\":\"ListItem\",\"position\":1,\"name\":\"Startseite\",\"item\":\"https:\/\/boxhandschuhe24-kaufen.de\/\"},{\"@type\":\"ListItem\",\"position\":2,\"name\":\"Kinderboxen\"}]}]}<\/script>\n<!-- \/ Yoast SEO plugin. -->","yoast_head_json":{"title":"Kinderboxen - boxhandschuhe24-kaufen.de","robots":{"index":"index","follow":"follow","max-snippet":"max-snippet:-1","max-image-preview":"max-image-preview:large","max-video-preview":"max-video-preview:-1"},"canonical":"https:\/\/boxhandschuhe24-kaufen.de\/?page_id=597","og_locale":"de_DE","og_type":"article","og_title":"Kinderboxen - boxhandschuhe24-kaufen.de","og_description":"Alles andere als Schl\u00e4gertypen: Kinder schnuppern Boxluft Vergangene Woche besuchten 268 Kinder den Boxkurs bei Christophe Bellehumeur. Aufw\u00e4rmen muss sein. Auch f\u00fcr die sieben Amriswiler Sch\u00fclerinnen und Sch\u00fcler, die im Rahmen des Ferienspa\u00dfes in eine Boxstunde bei Christophe Bellehumeur reinschnuppern. Der geb\u00fcrtige Mauritianer ist Pr\u00e4sident des Boxclubs Arbon und macht schon seit mehreren Jahren mit &hellip;","og_url":"https:\/\/boxhandschuhe24-kaufen.de\/?page_id=597","og_site_name":"boxhandschuhe24-kaufen.de","twitter_card":"summary","twitter_misc":{"Gesch\u00e4tzte Lesezeit":"2\u00a0Minuten"},"schema":{"@context":"https:\/\/schema.org","@graph":[{"@type":"WebSite","@id":"https:\/\/boxhandschuhe24-kaufen.de\/#website","url":"https:\/\/boxhandschuhe24-kaufen.de\/","name":"boxhandschuhe24-kaufen.de","description":"Test - Preisvergleiche und vieles mehr","potentialAction":[{"@type":"SearchAction","target":{"@type":"EntryPoint","urlTemplate":"https:\/\/boxhandschuhe24-kaufen.de\/?s={search_term_string}"},"query-input":"required name=search_term_string"}],"inLanguage":"de"},{"@type":"WebPage","@id":"https:\/\/boxhandschuhe24-kaufen.de\/?page_id=597#webpage","url":"https:\/\/boxhandschuhe24-kaufen.de\/?page_id=597","name":"Kinderboxen - boxhandschuhe24-kaufen.de","isPartOf":{"@id":"https:\/\/boxhandschuhe24-kaufen.de\/#website"},"datePublished":"2019-07-15T11:43:27+00:00","dateModified":"2019-07-15T11:43:27+00:00","breadcrumb":{"@id":"https:\/\/boxhandschuhe24-kaufen.de\/?page_id=597#breadcrumb"},"inLanguage":"de","potentialAction":[{"@type":"ReadAction","target":["https:\/\/boxhandschuhe24-kaufen.de\/?page_id=597"]}]},{"@type":"BreadcrumbList","@id":"https:\/\/boxhandschuhe24-kaufen.de\/?page_id=597#breadcrumb","itemListElement":[{"@type":"ListItem","position":1,"name":"Startseite","item":"https:\/\/boxhandschuhe24-kaufen.de\/"},{"@type":"ListItem","position":2,"name":"Kinderboxen"}]}]}},"_links":{"self":[{"href":"https:\/\/boxhandschuhe24-kaufen.de\/index.php?rest_route=\/wp\/v2\/pages\/597","targetHints":{"allow":["GET"]}}],"collection":[{"href":"https:\/\/boxhandschuhe24-kaufen.de\/index.php?rest_route=\/wp\/v2\/pages"}],"about":[{"href":"https:\/\/boxhandschuhe24-kaufen.de\/index.php?rest_route=\/wp\/v2\/types\/page"}],"author":[{"embeddable":true,"href":"https:\/\/boxhandschuhe24-kaufen.de\/index.php?rest_route=\/wp\/v2\/users\/1"}],"replies":[{"embeddable":true,"href":"https:\/\/boxhandschuhe24-kaufen.de\/index.php?rest_route=%2Fwp%2Fv2%2Fcomments&post=597"}],"version-history":[{"count":1,"href":"https:\/\/boxhandschuhe24-kaufen.de\/index.php?rest_route=\/wp\/v2\/pages\/597\/revisions"}],"predecessor-version":[{"id":598,"href":"https:\/\/boxhandschuhe24-kaufen.de\/index.php?rest_route=\/wp\/v2\/pages\/597\/revisions\/598"}],"wp:attachment":[{"href":"https:\/\/boxhandschuhe24-kaufen.de\/index.php?rest_route=%2Fwp%2Fv2%2Fmedia&parent=597"}],"curies":[{"name":"wp","href":"https:\/\/api.w.org\/{rel}","templated":true}]}}