{"id":558,"date":"2019-03-14T19:27:47","date_gmt":"2019-03-14T18:27:47","guid":{"rendered":"http:\/\/boxhandschuhe24-kaufen.de\/?page_id=558"},"modified":"2019-03-15T00:02:49","modified_gmt":"2019-03-14T23:02:49","slug":"boxhandschuhe-12-oz","status":"publish","type":"page","link":"https:\/\/boxhandschuhe24-kaufen.de\/?page_id=558","title":{"rendered":"Boxhandschuhe 12 OZ"},"content":{"rendered":"<h1><span style=\"color: #ff6600;\"><b>Boxhandschuhe 12 OZ &#8211; 5 Modelle f\u00fcr Sparring und Training<\/b><\/span><\/h1>\n<p>&nbsp;<\/p>\n<p>&nbsp;<\/p>\n<h2><a href=\"https:\/\/amzn.to\/2Ff9IKV\"><b>LNX Boxhandschuhe Performance Pro<\/b><\/a><\/h2>\n<p><a href=\"https:\/\/amzn.to\/2Ff9IKV\" target=\"_blank\" rel=\"noopener noreferrer\"><img loading=\"lazy\" decoding=\"async\" class=\"alignleft\" style=\"width: 250px; height: auto;\" src=\"https:\/\/images-na.ssl-images-amazon.com\/images\/I\/81cKLrrU12L._SL1500_.jpg\" alt=\"Boxhandschuhe 12 OZ\" width=\"1500\" height=\"1500\" \/><\/a><\/p>\n<p>Diese Boxhandschuhe von LNX sind hochwertig verarbeitet und werden ihrem Nutzer viel Freude machen. Besonders gro\u00dfe Mesh-Eins\u00e4tze sorgen f\u00fcr eine gute Durchl\u00fcftung. Kn\u00f6chel und Hand sind bestens durch ein spezielles D\u00e4mpfungssystem gesch\u00fctzt. Nat\u00fcrlich lassen sich diese Boxhandschuhe, die auch f\u00fcr Kickboxen, Muay Thai und MMA geeignet sind, wunderbar tragen. Neben der hohen Funktionalit\u00e4t und Qualit\u00e4t \u00fcberzeugt dieses Modell auch durch sein auff\u00e4lliges Design. Die Performance Pro stehen in unterschiedlichen Farben und in unterschiedlichen Gewichten zur Auswahl. Auf der Suche nach hochwertigen Boxhandschuhen werden Sie mit diesem LNX Boxhandschuhe 12 OZ f\u00fcndig. Absolut empfehlenswert!<\/p>\n<p><center><\/center><span style=\"font-size: 12pt; font-family: arial, helvetica, sans-serif;\">\u00a0<\/span><a href=\"https:\/\/amzn.to\/2Ff9IKV\" class=\"shortc-button medium orange \">Direkt zum LNX Boxhandschuh Performance Pro bei Amazon.de<\/a>\n<h2><\/h2>\n<p>&nbsp;<\/p>\n<h2><a href=\"https:\/\/amzn.to\/2XYpT6z\"><b>LNX Boxhandschuhe Stealth<\/b><\/a><\/h2>\n<p><a href=\"https:\/\/amzn.to\/2XYpT6z\" target=\"_blank\" rel=\"noopener noreferrer\"><img loading=\"lazy\" decoding=\"async\" class=\"alignleft\" style=\"width: 250px; height: auto;\" src=\"https:\/\/images-na.ssl-images-amazon.com\/images\/I\/91BxkDR2GFL._SL1500_.jpg\" alt=\"Boxhandschuhe 12 OZ\" width=\"1500\" height=\"1500\" \/><\/a><\/p>\n<p>Das Modell Stealth stammt ebenfalls von LNX, und steht dem bereits vorgestellten Performance Pro in nichts nach. Dieses Modell ist f\u00fcr M\u00e4nner und Frauen gleicherma\u00dfen geeignet und kann bei allen g\u00e4ngigen Kampfsportarten eingesetzt werden. Der Verschluss erfolgt \u00fcber den bekannten Klettverschluss auf H\u00f6he des Handgelenkes. Mesh-Eins\u00e4tze f\u00fcr eine angenehme Durchl\u00fcftung und eine dreilagige D\u00e4mpfung sorgen f\u00fcr sehr viel Tragekomfort und gleichzeitigen Schutz. Preislich k\u00f6nnen K\u00e4ufer bei diesem vielseitigen Modell nicht meckern. Liegt der Preis doch im unteren zweistelligen Bereich. Wer keine Boxhandschuhe 12 OZ braucht, der kann dieses Modell alternativ auch mit 8, 10, 14 und 16 Oz bestellen. Wirklich tolle Handschuhe f\u00fcr alle, die einen guten Kompromiss aus Preis und Qualit\u00e4t suchen. Schauen Sie sich das Angebot einfach mal an.<\/p>\n<p><center><\/center><center><span style=\"font-size: 12pt; font-family: arial, helvetica, sans-serif;\">\u00a0<\/span><a href=\"https:\/\/amzn.to\/2XYpT6z\" class=\"shortc-button medium orange \">Direkt zum LNX Boxhandschuh Stealth bei Amazon.de<\/a><\/center><center><\/center>&nbsp;<\/p>\n<h2><a href=\"https:\/\/amzn.to\/2F35W5Q\"><b>LNX Boxhandschuhe Pro Fight<\/b><\/a><\/h2>\n<p><a href=\"https:\/\/amzn.to\/2F35W5Q\" target=\"_blank\" rel=\"noopener noreferrer\"><img loading=\"lazy\" decoding=\"async\" class=\"alignleft\" style=\"width: 250px; height: auto;\" src=\"https:\/\/images-na.ssl-images-amazon.com\/images\/I\/61XqDpRl9zL._SL1000_.jpg\" alt=\"Boxhandschuhe 12 OZ\" width=\"1000\" height=\"1000\" \/><\/a><\/p>\n<p>Die LNX Pro Fight wurden speziell f\u00fcr die Kampfsportarten Kickboxen und Muay Thai entwickelt. Als Material wurde hochwertiges Protex-Kunstleder verwendet, welches besonders haltbar und langlebig ist. Zudem kommt das von LNX bekannte 3-Lagen-D\u00e4mpfungssystem zum Einsatz. Die Farbgebung ist angenehm neutral und in einem ausgewogenen Verh\u00e4ltnis von Schwarz und Wei\u00df gehalten. Zudem kommt auch bei dem Pro Fight das speziell von LNX entwickelt Ergo-Tec-Foam zum Einsatz. Es handelt sich um eine ergonomische Faustvorkr\u00fcmmung, bei der die Formung einer Faust besonders wenig Kraft erfordert. Wie von LNX gewohnt, ist der Klettverschluss am Handgelenk besonders fest &#8211; sehr angenehm bei extrem hartem Training. Dies sind einfach perfekte Boxhandschuhe 12 OZ f\u00fcr den t\u00e4glichen Gebrauch beim Training und Sparring!<\/p>\n<p><center><a href=\"https:\/\/amzn.to\/2F35W5Q\" class=\"shortc-button medium orange \">Direkt zum LNX Boxhandschuh Pro Fight bei Amazon.de<\/a><\/center><center><\/center>&nbsp;<\/p>\n<h2><a href=\"https:\/\/amzn.to\/2HzgY5M\"><b>Everlast Boxhandschuhe Elite Pro Style<\/b><\/a><\/h2>\n<p><a href=\"https:\/\/amzn.to\/2HzgY5M\" target=\"_blank\" rel=\"noopener noreferrer\"><img loading=\"lazy\" decoding=\"async\" class=\"alignleft\" style=\"width: 250px; height: auto;\" src=\"https:\/\/images-na.ssl-images-amazon.com\/images\/I\/61-NVj-lZfL._SL1500_.jpg\" alt=\"Boxhandschuhe 12 OZ\" width=\"1000\" height=\"1500\" \/><\/a><\/p>\n<p>&nbsp;<\/p>\n<p>Neben LNX ist Everlast ein weiterer der ganz gro\u00dfen Boxhandschuh-Hersteller. Mit dem Elite Pro Style bietet Everlast Boxhandschuhe mit 12 Oz f\u00fcr Sparring, Sandsack- und Pratzentraining. Es wurden nur sehr atmungsaktive Materialien verwendet. Dies sorgt f\u00fcr ein angenehmes Tragegef\u00fchl. Everlast nennt dieses Material &#8218;EverCOOL&#8216;. Mit &#8218;EverSHIELD&#8216; hingegen wird der besonders stabile Klettverschluss am Handgelenk bezeichnet. Das Handgelenk wird auch bei anspruchsvollem Training gut unterst\u00fctzt. Wie es sich f\u00fcr einen echten Markenhersteller geh\u00f6rt, hat Everlast nur hochwertiges Premium-Kunstleder bei der Fertigung verwendet. Alternativ zur 12 Oz-Variante stehen auch hier 8, 10, 14 und 16 Oz, sowie diverse Farben zur Auswahl.<\/p>\n<p><center><a href=\"https:\/\/amzn.to\/2HzgY5M\" class=\"shortc-button medium orange \">Direkt zum Everlast Boxhandschuh Pro Style bei Amazon.de<\/a><\/center><\/p>\n<h2><\/h2>\n<h2><\/h2>\n<h2><a href=\"https:\/\/amzn.to\/2F54Oyx\"><b>Twins Special BGVL-3 Boxhandschuhe<\/b><\/a><\/h2>\n<p><a href=\"https:\/\/amzn.to\/2F54Oyx\" target=\"_blank\" rel=\"noopener noreferrer\"><img loading=\"lazy\" decoding=\"async\" class=\"alignleft\" style=\"width: 250px; height: auto;\" src=\"https:\/\/images-na.ssl-images-amazon.com\/images\/I\/41toWYDOQ7L.jpg\" alt=\"Boxhandschuhe 12 OZ\" width=\"500\" height=\"500\" \/><\/a><\/p>\n<p>&nbsp;<\/p>\n<p>Wenn Sie Boxhandschuhe speziell f\u00fcr Muay Thai und f\u00fcrs normale Boxen suchen, dann werden Sie mit den BGVL-3 von Twins Special f\u00fcndig. Diese bestehen aus hochwertigem roten Leder, sind daher schon alleine optisch ein Blickfang. Im Innern der Handschuhe befindet sich besonderer, mehrschichtiger Schaumstoff. Dadurch werden Ihre H\u00e4nde bei jedem Schlag gesch\u00fctzt. Die Verletzungsgefahr wird deutlich minimiert. Diese Boxhandschuhe 12 Oz k\u00f6nnen alternativ auch mit 8, 10, 14 oder 16 Oz geliefert werden &#8211; ganz nach Ihren individuellen Anspr\u00fcchen. Schauen Sie sich dieses Angebot einfach mal an. Vielleicht sind dies die Boxhandschuhe 12 Oz, die Sie schon so lange gesucht haben.<\/p>\n<p><center><a href=\"https:\/\/amzn.to\/2F54Oyx\" class=\"shortc-button medium orange \">Direkt zu den Twins Special BGVL-3 Boxhandschuhen bei Amazon.de<\/a><\/center><\/p>\n<h1><\/h1>\n<h1 style=\"text-align: center;\"><span style=\"color: #ff6600;\"><b>Boxhandschuhe 12 OZ &#8211; 5 Modelle f\u00fcr Sparring und Training<\/b><\/span><\/h1>\n<p>&nbsp;<\/p>\n<p>Boxen ist in den letzten Jahren immer beliebter geworden. Schlie\u00dflich bietet dieser Sport einen wunderbaren Ausgleich zum allt\u00e4glichen Stress. Wer diesen Sport aus\u00fcben m\u00f6chte, der braucht allerdings die richtigen Boxhandschuhe. Diese sch\u00fctzen den K\u00e4mpfer und minimieren das Risiko von Verletzungen. Boxhandschuhe unterscheiden sich zum einen in Form, Farbe und Schnitt, zum anderen jedoch im Gewicht. Dieses wird in Oz (Unzen) angegeben. Je nach Einsatzgebiet der Boxhandschuhe, wird ein anderes Gewicht der Boxhandschuhe ben\u00f6tigt. So sind Boxhandschuhe mit 12 Oz bis 10 Oz f\u00fcr den Wettkampf geeignet, Boxhandschuhe mit 6 Oz bis 8 Oz beispielsweise nur f\u00fcr Kinder. Falls Sie beabsichtigen in den Boxsport einzusteigen, dann werden die hier vorgestellten Boxhandschuhe f\u00fcr Sie interessant sein.<\/p>\n<p>&nbsp;<\/p>\n<p>Hier geht es zum Hauptartikel <a href=\"https:\/\/boxhandschuhe24-kaufen.de\"><strong><span style=\"color: #0000ff;\">Boxhandschuhe24<\/span><\/strong><\/a> zur\u00fcck.<\/p>\n","protected":false},"excerpt":{"rendered":"<p>Boxhandschuhe 12 OZ &#8211; 5 Modelle f\u00fcr Sparring und Training &nbsp; &nbsp; LNX Boxhandschuhe Performance Pro Diese Boxhandschuhe von LNX sind hochwertig verarbeitet und werden ihrem Nutzer viel Freude machen. Besonders gro\u00dfe Mesh-Eins\u00e4tze sorgen f\u00fcr eine gute Durchl\u00fcftung. Kn\u00f6chel und Hand sind bestens durch ein spezielles D\u00e4mpfungssystem gesch\u00fctzt. Nat\u00fcrlich lassen sich diese Boxhandschuhe, die auch &hellip;<\/p>\n","protected":false},"author":1,"featured_media":0,"parent":0,"menu_order":0,"comment_status":"closed","ping_status":"closed","template":"","meta":{"_exactmetrics_skip_tracking":false,"_exactmetrics_sitenote_active":false,"_exactmetrics_sitenote_note":"","_exactmetrics_sitenote_category":0,"footnotes":""},"class_list":["post-558","page","type-page","status-publish","hentry"],"yoast_head":"<!-- This site is optimized with the Yoast SEO plugin v18.9 - https:\/\/yoast.com\/wordpress\/plugins\/seo\/ -->\n<title>Boxhandschuhe 12 OZ +++ Top 5<\/title>\n<meta name=\"description\" content=\"Boxhandschuhe 12 OZ \u2713 Top 5 Bestseller \u2713 Aktuelle Sparangebote \u2713 Jetzt Bestellen \u2713 Testsieger \u2713 Preis-Vergleich-Sieger \u2713\" \/>\n<meta name=\"robots\" content=\"index, follow, max-snippet:-1, max-image-preview:large, max-video-preview:-1\" \/>\n<link rel=\"canonical\" href=\"https:\/\/boxhandschuhe24-kaufen.de\/?page_id=558\" \/>\n<meta property=\"og:locale\" content=\"de_DE\" \/>\n<meta property=\"og:type\" content=\"article\" \/>\n<meta property=\"og:title\" content=\"Boxhandschuhe 12 OZ +++ Top 5\" \/>\n<meta property=\"og:description\" content=\"Boxhandschuhe 12 OZ \u2713 Top 5 Bestseller \u2713 Aktuelle Sparangebote \u2713 Jetzt Bestellen \u2713 Testsieger \u2713 Preis-Vergleich-Sieger \u2713\" \/>\n<meta property=\"og:url\" content=\"https:\/\/boxhandschuhe24-kaufen.de\/?page_id=558\" \/>\n<meta property=\"og:site_name\" content=\"boxhandschuhe24-kaufen.de\" \/>\n<meta property=\"article:modified_time\" content=\"2019-03-14T23:02:49+00:00\" \/>\n<meta property=\"og:image\" content=\"https:\/\/images-na.ssl-images-amazon.com\/images\/I\/81cKLrrU12L._SL1500_.jpg\" \/>\n<meta name=\"twitter:card\" content=\"summary\" \/>\n<meta name=\"twitter:label1\" content=\"Gesch\u00e4tzte Lesezeit\" \/>\n\t<meta name=\"twitter:data1\" content=\"4\u00a0Minuten\" \/>\n<script type=\"application\/ld+json\" class=\"yoast-schema-graph\">{\"@context\":\"https:\/\/schema.org\",\"@graph\":[{\"@type\":\"WebSite\",\"@id\":\"https:\/\/boxhandschuhe24-kaufen.de\/#website\",\"url\":\"https:\/\/boxhandschuhe24-kaufen.de\/\",\"name\":\"boxhandschuhe24-kaufen.de\",\"description\":\"Test - Preisvergleiche und vieles mehr\",\"potentialAction\":[{\"@type\":\"SearchAction\",\"target\":{\"@type\":\"EntryPoint\",\"urlTemplate\":\"https:\/\/boxhandschuhe24-kaufen.de\/?s={search_term_string}\"},\"query-input\":\"required name=search_term_string\"}],\"inLanguage\":\"de\"},{\"@type\":\"ImageObject\",\"inLanguage\":\"de\",\"@id\":\"https:\/\/boxhandschuhe24-kaufen.de\/?page_id=558#primaryimage\",\"url\":\"https:\/\/images-na.ssl-images-amazon.com\/images\/I\/81cKLrrU12L._SL1500_.jpg\",\"contentUrl\":\"https:\/\/images-na.ssl-images-amazon.com\/images\/I\/81cKLrrU12L._SL1500_.jpg\"},{\"@type\":\"WebPage\",\"@id\":\"https:\/\/boxhandschuhe24-kaufen.de\/?page_id=558#webpage\",\"url\":\"https:\/\/boxhandschuhe24-kaufen.de\/?page_id=558\",\"name\":\"Boxhandschuhe 12 OZ +++ Top 5\",\"isPartOf\":{\"@id\":\"https:\/\/boxhandschuhe24-kaufen.de\/#website\"},\"primaryImageOfPage\":{\"@id\":\"https:\/\/boxhandschuhe24-kaufen.de\/?page_id=558#primaryimage\"},\"datePublished\":\"2019-03-14T18:27:47+00:00\",\"dateModified\":\"2019-03-14T23:02:49+00:00\",\"description\":\"Boxhandschuhe 12 OZ \u2713 Top 5 Bestseller \u2713 Aktuelle Sparangebote \u2713 Jetzt Bestellen \u2713 Testsieger \u2713 Preis-Vergleich-Sieger \u2713\",\"breadcrumb\":{\"@id\":\"https:\/\/boxhandschuhe24-kaufen.de\/?page_id=558#breadcrumb\"},\"inLanguage\":\"de\",\"potentialAction\":[{\"@type\":\"ReadAction\",\"target\":[\"https:\/\/boxhandschuhe24-kaufen.de\/?page_id=558\"]}]},{\"@type\":\"BreadcrumbList\",\"@id\":\"https:\/\/boxhandschuhe24-kaufen.de\/?page_id=558#breadcrumb\",\"itemListElement\":[{\"@type\":\"ListItem\",\"position\":1,\"name\":\"Startseite\",\"item\":\"https:\/\/boxhandschuhe24-kaufen.de\/\"},{\"@type\":\"ListItem\",\"position\":2,\"name\":\"Boxhandschuhe 12 OZ\"}]}]}<\/script>\n<!-- \/ Yoast SEO plugin. -->","yoast_head_json":{"title":"Boxhandschuhe 12 OZ +++ Top 5","description":"Boxhandschuhe 12 OZ \u2713 Top 5 Bestseller \u2713 Aktuelle Sparangebote \u2713 Jetzt Bestellen \u2713 Testsieger \u2713 Preis-Vergleich-Sieger \u2713","robots":{"index":"index","follow":"follow","max-snippet":"max-snippet:-1","max-image-preview":"max-image-preview:large","max-video-preview":"max-video-preview:-1"},"canonical":"https:\/\/boxhandschuhe24-kaufen.de\/?page_id=558","og_locale":"de_DE","og_type":"article","og_title":"Boxhandschuhe 12 OZ +++ Top 5","og_description":"Boxhandschuhe 12 OZ \u2713 Top 5 Bestseller \u2713 Aktuelle Sparangebote \u2713 Jetzt Bestellen \u2713 Testsieger \u2713 Preis-Vergleich-Sieger \u2713","og_url":"https:\/\/boxhandschuhe24-kaufen.de\/?page_id=558","og_site_name":"boxhandschuhe24-kaufen.de","article_modified_time":"2019-03-14T23:02:49+00:00","og_image":[{"url":"https:\/\/images-na.ssl-images-amazon.com\/images\/I\/81cKLrrU12L._SL1500_.jpg"}],"twitter_card":"summary","twitter_misc":{"Gesch\u00e4tzte Lesezeit":"4\u00a0Minuten"},"schema":{"@context":"https:\/\/schema.org","@graph":[{"@type":"WebSite","@id":"https:\/\/boxhandschuhe24-kaufen.de\/#website","url":"https:\/\/boxhandschuhe24-kaufen.de\/","name":"boxhandschuhe24-kaufen.de","description":"Test - Preisvergleiche und vieles mehr","potentialAction":[{"@type":"SearchAction","target":{"@type":"EntryPoint","urlTemplate":"https:\/\/boxhandschuhe24-kaufen.de\/?s={search_term_string}"},"query-input":"required name=search_term_string"}],"inLanguage":"de"},{"@type":"ImageObject","inLanguage":"de","@id":"https:\/\/boxhandschuhe24-kaufen.de\/?page_id=558#primaryimage","url":"https:\/\/images-na.ssl-images-amazon.com\/images\/I\/81cKLrrU12L._SL1500_.jpg","contentUrl":"https:\/\/images-na.ssl-images-amazon.com\/images\/I\/81cKLrrU12L._SL1500_.jpg"},{"@type":"WebPage","@id":"https:\/\/boxhandschuhe24-kaufen.de\/?page_id=558#webpage","url":"https:\/\/boxhandschuhe24-kaufen.de\/?page_id=558","name":"Boxhandschuhe 12 OZ +++ Top 5","isPartOf":{"@id":"https:\/\/boxhandschuhe24-kaufen.de\/#website"},"primaryImageOfPage":{"@id":"https:\/\/boxhandschuhe24-kaufen.de\/?page_id=558#primaryimage"},"datePublished":"2019-03-14T18:27:47+00:00","dateModified":"2019-03-14T23:02:49+00:00","description":"Boxhandschuhe 12 OZ \u2713 Top 5 Bestseller \u2713 Aktuelle Sparangebote \u2713 Jetzt Bestellen \u2713 Testsieger \u2713 Preis-Vergleich-Sieger \u2713","breadcrumb":{"@id":"https:\/\/boxhandschuhe24-kaufen.de\/?page_id=558#breadcrumb"},"inLanguage":"de","potentialAction":[{"@type":"ReadAction","target":["https:\/\/boxhandschuhe24-kaufen.de\/?page_id=558"]}]},{"@type":"BreadcrumbList","@id":"https:\/\/boxhandschuhe24-kaufen.de\/?page_id=558#breadcrumb","itemListElement":[{"@type":"ListItem","position":1,"name":"Startseite","item":"https:\/\/boxhandschuhe24-kaufen.de\/"},{"@type":"ListItem","position":2,"name":"Boxhandschuhe 12 OZ"}]}]}},"_links":{"self":[{"href":"https:\/\/boxhandschuhe24-kaufen.de\/index.php?rest_route=\/wp\/v2\/pages\/558","targetHints":{"allow":["GET"]}}],"collection":[{"href":"https:\/\/boxhandschuhe24-kaufen.de\/index.php?rest_route=\/wp\/v2\/pages"}],"about":[{"href":"https:\/\/boxhandschuhe24-kaufen.de\/index.php?rest_route=\/wp\/v2\/types\/page"}],"author":[{"embeddable":true,"href":"https:\/\/boxhandschuhe24-kaufen.de\/index.php?rest_route=\/wp\/v2\/users\/1"}],"replies":[{"embeddable":true,"href":"https:\/\/boxhandschuhe24-kaufen.de\/index.php?rest_route=%2Fwp%2Fv2%2Fcomments&post=558"}],"version-history":[{"count":10,"href":"https:\/\/boxhandschuhe24-kaufen.de\/index.php?rest_route=\/wp\/v2\/pages\/558\/revisions"}],"predecessor-version":[{"id":574,"href":"https:\/\/boxhandschuhe24-kaufen.de\/index.php?rest_route=\/wp\/v2\/pages\/558\/revisions\/574"}],"wp:attachment":[{"href":"https:\/\/boxhandschuhe24-kaufen.de\/index.php?rest_route=%2Fwp%2Fv2%2Fmedia&parent=558"}],"curies":[{"name":"wp","href":"https:\/\/api.w.org\/{rel}","templated":true}]}}