{"id":495,"date":"2018-12-12T14:03:27","date_gmt":"2018-12-12T13:03:27","guid":{"rendered":"http:\/\/boxhandschuhe24-kaufen.de\/?page_id=495"},"modified":"2018-12-17T18:19:46","modified_gmt":"2018-12-17T17:19:46","slug":"boxhandschuhe-damen","status":"publish","type":"page","link":"https:\/\/boxhandschuhe24-kaufen.de\/?page_id=495","title":{"rendered":"Boxhandschuhe Damen"},"content":{"rendered":"<h1><span style=\"color: #ff6600;\"><strong>Boxhandschuhe Damen<\/strong><\/span><\/h1>\n<div>\n<div class=\"preview\">\n<h2><strong>Platz 1 &#8211;\u00a0RDX Frauen Boxhandschuhe Gel Boxsack\u00a0<\/strong><\/h2>\n<p><a href=\"https:\/\/amzn.to\/2QxOgYC\" target=\"_blank\" rel=\"noopener\"><img loading=\"lazy\" decoding=\"async\" class=\"alignleft wp-image-499 size-medium\" src=\"http:\/\/boxhandschuhe24-kaufen.de\/wp-content\/uploads\/2018\/12\/RDX-Frauen-Boxhandschuhe-Gel-Boxsack-Damen-Sparring-270x300.jpg\" alt=\"RDX Frauen Boxhandschuhe Gel Boxsack Damen Sparring\" width=\"270\" height=\"300\" srcset=\"https:\/\/boxhandschuhe24-kaufen.de\/wp-content\/uploads\/2018\/12\/RDX-Frauen-Boxhandschuhe-Gel-Boxsack-Damen-Sparring-270x300.jpg 270w, https:\/\/boxhandschuhe24-kaufen.de\/wp-content\/uploads\/2018\/12\/RDX-Frauen-Boxhandschuhe-Gel-Boxsack-Damen-Sparring-768x855.jpg 768w, https:\/\/boxhandschuhe24-kaufen.de\/wp-content\/uploads\/2018\/12\/RDX-Frauen-Boxhandschuhe-Gel-Boxsack-Damen-Sparring-920x1024.jpg 920w, https:\/\/boxhandschuhe24-kaufen.de\/wp-content\/uploads\/2018\/12\/RDX-Frauen-Boxhandschuhe-Gel-Boxsack-Damen-Sparring.jpg 1348w\" sizes=\"auto, (max-width: 270px) 100vw, 270px\" \/><\/a>Die RDX Frauen Boxhandschuhe sind handgefertigt. Sie haben pr\u00e4zise Schnitte und N\u00e4hte angepasst an weibliche H\u00e4nde und deren Knochendichte. Die Boxhandschuhe sind mit einer waschfreundlichen Flora Skin au\u00dfen versehen und haben ein sch\u00f6nes Design, das f\u00fcr die weiblichen Boxer kreiert wurde, die nicht nur gut aussehen sondern auch funktional sind. Doppelt gen\u00e4hte N\u00e4hte machen diese Handschuhe split-resistent.\u00a0Innen haben diese Frauen Boxhandschuhe als Futter ein Blendgewebe, das das Absaugen von Schwei\u00df f\u00f6rdert und verhindert, dass sich Feuchtigkeit aufbaut. Das EVALUTION Schaumgelpolster ist die optimale Sto\u00dfd\u00e4mpfung. Die Boxhandschuhe sind mit Perforationen an den Handinnenfl\u00e4chen versehen, die eine kontinuierliche Bel\u00fcftung f\u00f6rdern. Die Handfl\u00e4chen der RDX Frauen Sparring Handschuhe sind mit Wildleder versehen. Dazu ist das Manschetten-Paspel aus einem pl\u00fcschigen Nylon gefertigt, das langen Tragekomfort garantiert. Breite B\u00fcndchen st\u00fctzen die Handgelenke.<\/p>\n<p style=\"text-align: center;\"><span style=\"font-size: 12pt; font-family: arial, helvetica, sans-serif;\">\u00a0<\/span><a href=\"https:\/\/amzn.to\/2QxOgYC\" class=\"shortc-button medium orange \">Direkt zum\u00a0RDX Frauen Boxhandschuh bei Amazon.de<\/a>\n<h2><strong>Platz 2 &#8211;\u00a0Evo Fitness Ladies GEL Rex\u00a0<\/strong><\/h2>\n<p><a href=\"https:\/\/amzn.to\/2S4BFc7\" target=\"_blank\" rel=\"noopener\"><img loading=\"lazy\" decoding=\"async\" class=\"alignleft wp-image-500 size-medium\" src=\"http:\/\/boxhandschuhe24-kaufen.de\/wp-content\/uploads\/2018\/12\/Evo-Fitness-Ladies-GEL-Rex-Boxhandschuhe-aus-Leder-f\u00fcr-Damen-254x300.jpg\" alt=\"Evo Fitness Ladies GEL Rex - Boxhandschuhe aus Leder f\u00fcr Damen\" width=\"254\" height=\"300\" srcset=\"https:\/\/boxhandschuhe24-kaufen.de\/wp-content\/uploads\/2018\/12\/Evo-Fitness-Ladies-GEL-Rex-Boxhandschuhe-aus-Leder-f\u00fcr-Damen-254x300.jpg 254w, https:\/\/boxhandschuhe24-kaufen.de\/wp-content\/uploads\/2018\/12\/Evo-Fitness-Ladies-GEL-Rex-Boxhandschuhe-aus-Leder-f\u00fcr-Damen-768x906.jpg 768w, https:\/\/boxhandschuhe24-kaufen.de\/wp-content\/uploads\/2018\/12\/Evo-Fitness-Ladies-GEL-Rex-Boxhandschuhe-aus-Leder-f\u00fcr-Damen-868x1024.jpg 868w, https:\/\/boxhandschuhe24-kaufen.de\/wp-content\/uploads\/2018\/12\/Evo-Fitness-Ladies-GEL-Rex-Boxhandschuhe-aus-Leder-f\u00fcr-Damen.jpg 1272w\" sizes=\"auto, (max-width: 254px) 100vw, 254px\" \/><\/a>Die Evo Fitness Ladies GEL Rex Handschuhe bestehen aus hochwertigem und wundersch\u00f6nem Rexine Leder. Sie bieten einen entscheidenden Schutz und gute Sto\u00dfd\u00e4mpfung mit einem Multi Layered High Density Schaumkern sowie mit GEL Schutz. Die Handschuhe haben ein Netz im Interieur mit L\u00fcftungs\u00f6ffnungen f\u00fcr eine verbesserte Bel\u00fcftung und Atmungsaktivit\u00e4t. Sie haben einen D Loop Klettverschluss Verschlu\u00df-Gurt f\u00fcr Tight und rutschfeste Fassung. Das Design ist langlebig und schick.<\/p>\n<p style=\"text-align: center;\"><a href=\"https:\/\/amzn.to\/2S4BFc7\" class=\"shortc-button medium orange \">Direkt zum\u00a0 Evo Fitness Ladies\u00a0Boxhandschuh bei Amazon.de<\/a>\n<h2><strong>Platz 3 &#8211;\u00a0RDX MMA Handschuhe Kamfsport UFC<\/strong><\/h2>\n<p><a href=\"https:\/\/amzn.to\/2BtwN9h\" target=\"_blank\" rel=\"noopener\"><img loading=\"lazy\" decoding=\"async\" class=\"alignleft wp-image-501 size-medium\" src=\"http:\/\/boxhandschuhe24-kaufen.de\/wp-content\/uploads\/2018\/12\/RDX-MMA-Handschuhe-Kamfsport-UFC-Boxsack-Sparring-Training-Grappling-300x254.jpg\" alt=\"RDX MMA Handschuhe Kamfsport UFC Boxsack Sparring Training Grappling \" width=\"300\" height=\"254\" srcset=\"https:\/\/boxhandschuhe24-kaufen.de\/wp-content\/uploads\/2018\/12\/RDX-MMA-Handschuhe-Kamfsport-UFC-Boxsack-Sparring-Training-Grappling-300x254.jpg 300w, https:\/\/boxhandschuhe24-kaufen.de\/wp-content\/uploads\/2018\/12\/RDX-MMA-Handschuhe-Kamfsport-UFC-Boxsack-Sparring-Training-Grappling-768x650.jpg 768w, https:\/\/boxhandschuhe24-kaufen.de\/wp-content\/uploads\/2018\/12\/RDX-MMA-Handschuhe-Kamfsport-UFC-Boxsack-Sparring-Training-Grappling-1024x866.jpg 1024w, https:\/\/boxhandschuhe24-kaufen.de\/wp-content\/uploads\/2018\/12\/RDX-MMA-Handschuhe-Kamfsport-UFC-Boxsack-Sparring-Training-Grappling.jpg 1500w\" sizes=\"auto, (max-width: 300px) 100vw, 300px\" \/><\/a>Wer in MMA trainiert, braucht die richtigen Tools, um seinen Tag zu gewinnen. Diese Standard-Amateur-Grappling-Handschuhe f\u00fcr Frauen werden mit der Gewinnkombination an Tools hergestellt. Die Handschuhe sind leicht gebogen, damit ist mit ihrer Handkr\u00fcmmung eine Erleichterung der Faustbildung gew\u00e4hrleistet. Ein antimikrobielles Futter der Handschuhe und ein einzigartiger Handballengriff machen sie zu einem optimalen komfortablen, sch\u00fctzenden Paar. Das Futter dieser Handschuhe h\u00e4lt Feuchtigkeit drau\u00dfen. Die H\u00e4nde bleiben trocken und sauber.<\/p>\n<p style=\"text-align: center;\"><span style=\"font-size: 12pt; font-family: arial, helvetica, sans-serif;\">\u00a0<\/span><a href=\"https:\/\/amzn.to\/2BtwN9h\" class=\"shortc-button medium orange \">Direkt zum\u00a0RDX MMA Kamfsport Boxhandschuh f\u00fcr Frauen bei Amazon.de<\/a>\n<h2><strong>Platz 4 &#8211;\u00a0BENLEE Rocky Marciano Rodney Boxhandschuhe<\/strong><\/h2>\n<p><a href=\"https:\/\/amzn.to\/2A02uHy\" target=\"_blank\" rel=\"noopener\"><img loading=\"lazy\" decoding=\"async\" class=\"alignleft wp-image-502 size-medium\" src=\"http:\/\/boxhandschuhe24-kaufen.de\/wp-content\/uploads\/2018\/12\/BENLEE-Rocky-Marciano-Rodney-Boxhandschuhe-300x247.jpg\" alt=\"BENLEE Rocky Marciano Rodney Boxhandschuhe\" width=\"300\" height=\"247\" srcset=\"https:\/\/boxhandschuhe24-kaufen.de\/wp-content\/uploads\/2018\/12\/BENLEE-Rocky-Marciano-Rodney-Boxhandschuhe-300x247.jpg 300w, https:\/\/boxhandschuhe24-kaufen.de\/wp-content\/uploads\/2018\/12\/BENLEE-Rocky-Marciano-Rodney-Boxhandschuhe-768x632.jpg 768w, https:\/\/boxhandschuhe24-kaufen.de\/wp-content\/uploads\/2018\/12\/BENLEE-Rocky-Marciano-Rodney-Boxhandschuhe-1024x842.jpg 1024w, https:\/\/boxhandschuhe24-kaufen.de\/wp-content\/uploads\/2018\/12\/BENLEE-Rocky-Marciano-Rodney-Boxhandschuhe.jpg 1500w\" sizes=\"auto, (max-width: 300px) 100vw, 300px\" \/><\/a>Zwischen den Jahren 1930 und 1950, war die Marke Benlee gro\u00df. Ber\u00fchmte Boxer k\u00e4mpften mit diesen Handschuhen: Joe Louis, Joe Walcott und auch Rocky Marciano standen im Ring mit den Benlee Boxhandschuhen. Diese Handschuhe haben einen 7,5 cm breiten Klettverschluss. Sie haben 3 Schichten aus Multi-Foam-Layer-F\u00fcllung mit vorgeformter Polsterung und Ventilationsl\u00f6chern hergestellt aus Kunstleder. Es ist ein\u00a0Einsteigerboxhandschuh in Rose f\u00fcr Damen.<\/p>\n<p style=\"text-align: center;\"><span style=\"font-size: 12pt; font-family: arial, helvetica, sans-serif;\">\u00a0<\/span><a href=\"https:\/\/amzn.to\/2A02uHy\" class=\"shortc-button medium orange \">Direkt zum Benlee Rocky Marciano\u00a0Frauen Boxhandschuh bei Amazon.de<\/a>\n<h2><strong>Platz 5 &#8211;\u00a0Venum Challenger 2.0 Boxhandschuhe<\/strong><\/h2>\n<p><a href=\"https:\/\/amzn.to\/2S12vSE\" target=\"_blank\" rel=\"noopener\"><img loading=\"lazy\" decoding=\"async\" class=\"alignleft wp-image-503 size-medium\" src=\"http:\/\/boxhandschuhe24-kaufen.de\/wp-content\/uploads\/2018\/12\/Venum-Challenger-2.0-Boxhandschuhe-300x300.jpg\" alt=\"Venum Challenger 2.0 Boxhandschuhe\" width=\"300\" height=\"300\" srcset=\"https:\/\/boxhandschuhe24-kaufen.de\/wp-content\/uploads\/2018\/12\/Venum-Challenger-2.0-Boxhandschuhe-300x300.jpg 300w, https:\/\/boxhandschuhe24-kaufen.de\/wp-content\/uploads\/2018\/12\/Venum-Challenger-2.0-Boxhandschuhe-150x150.jpg 150w, https:\/\/boxhandschuhe24-kaufen.de\/wp-content\/uploads\/2018\/12\/Venum-Challenger-2.0-Boxhandschuhe-768x768.jpg 768w, https:\/\/boxhandschuhe24-kaufen.de\/wp-content\/uploads\/2018\/12\/Venum-Challenger-2.0-Boxhandschuhe-1024x1024.jpg 1024w, https:\/\/boxhandschuhe24-kaufen.de\/wp-content\/uploads\/2018\/12\/Venum-Challenger-2.0-Boxhandschuhe.jpg 1500w\" sizes=\"auto, (max-width: 300px) 100vw, 300px\" \/><\/a>Die Venum Challenger 2.0 Boxhandschuhe k\u00f6nnen die beste Wahl f\u00fcr Ihren perfekten Kampf sein! Sie wurden in Thailand entwickelt und haben einen erschwinglichen Preis. Das Design ist mit einer dreifachen Schaumstoffpolsterung ausgestattet und bietet einen Top-Handschutz. Ein gro\u00dfer Klettverschluss sorgt f\u00fcr den sicheren Halt. Die Premium-Konstruktion aus Kunstleder bringt Ihnen im Kampf einen ausgezeichnete Komfort und eine hervorragende Haltbarkeit und sorgt f\u00fcr einen hervorragenden Tragekomfort. Die Handschuhe sind mit einem gepr\u00e4gten Venum Logo im 3D-Stil versehen und sind in lebendigen Farben gehalten, daher hinterlassen Sie damit einen starken, mutigen Eindruck!<\/p>\n<p style=\"text-align: center;\"><span style=\"font-size: 12pt; font-family: arial, helvetica, sans-serif;\">\u00a0<\/span><a href=\"https:\/\/amzn.to\/2S12vSE\" class=\"shortc-button medium orange \">Direkt zum\u00a0 Venum Challenger 2.0 Frauen Boxhandschuh bei Amazon.de<\/a>\n<h1><span style=\"color: #ff6600;\"><strong>Boxhandschuhe Damen<\/strong><\/span><\/h1>\n<\/div>\n<\/div>\n<div>\n<p>Sie brauchen Boxhandschuhe zum Boxen, Kickboxen oder f\u00fcr Muay Thai. Boxhandschuhe sch\u00fctzen Damen und Ihre Trainingspartner. Verwenden Sie immer auch Boxbandagen beim Training um Ihre Handgelenke dabei zu sch\u00fctzen. Die Boxbandagen sch\u00fctzen die Handschuhe auch innen vor Feuchtigkeit vom Schwei\u00df. Die N\u00e4sse zerst\u00f6rt n\u00e4mlich das Polster und das Leder.<\/p>\n<p><strong>Welche Gr\u00f6\u00dfe der Boxhandschuhe brauchen Frauen?<\/strong><\/p>\n<p>Die Gr\u00f6\u00dfe der Boxhandschuhe wird in Unzen gemessen. Eine Unze entspricht einem Gewicht von ca. 28 Gramm. Es geht also ums Gewicht bei den Boxhandschuhen. Die Gr\u00f6\u00dfe h\u00e4ngt daher mit der Anzahl in Unzen zusammen.\u00a0Boxhandschuhe f\u00fcr Damen\u00a0sind zwischen 10 und 12 Unzen schwer. Wir haben Ihnen hier f\u00fcnf unserer Spitzenreiter n\u00e4her vorgestellt. Schauen Sie gleich nach, ob auch einer der Favoriten f\u00fcr Sie in Frage kommt. Sicher h\u00e4ngt es auch damit zusammen wie oft Sie trainieren.<\/p>\n<\/div>\n<div><\/div>\n<div>Hier geht es zum Hauptartikel <a href=\"http:\/\/boxhandschuhe24-kaufen.de\"><strong><span style=\"color: #0000ff;\">Boxhandschuhe24-kaufen<\/span><\/strong><\/a> zur\u00fcck.<\/div>\n","protected":false},"excerpt":{"rendered":"<p>Boxhandschuhe Damen Platz 1 &#8211;\u00a0RDX Frauen Boxhandschuhe Gel Boxsack\u00a0 Die RDX Frauen Boxhandschuhe sind handgefertigt. Sie haben pr\u00e4zise Schnitte und N\u00e4hte angepasst an weibliche H\u00e4nde und deren Knochendichte. Die Boxhandschuhe sind mit einer waschfreundlichen Flora Skin au\u00dfen versehen und haben ein sch\u00f6nes Design, das f\u00fcr die weiblichen Boxer kreiert wurde, die nicht nur gut aussehen &hellip;<\/p>\n","protected":false},"author":1,"featured_media":0,"parent":0,"menu_order":0,"comment_status":"closed","ping_status":"closed","template":"","meta":{"_exactmetrics_skip_tracking":false,"_exactmetrics_sitenote_active":false,"_exactmetrics_sitenote_note":"","_exactmetrics_sitenote_category":0,"footnotes":""},"class_list":["post-495","page","type-page","status-publish","hentry"],"yoast_head":"<!-- This site is optimized with the Yoast SEO plugin v18.9 - https:\/\/yoast.com\/wordpress\/plugins\/seo\/ -->\n<title>=&gt; Boxhandschuhe Damen ++ Testsieger ++ Top 5 Preisvergleich<\/title>\n<meta name=\"description\" content=\"Boxhandschuhe Damen \u2713 Sparangebote \u2713 Jetzt Favorit w\u00e4hlen \u2713 Preisvergleich \u2713 Top 5 \u2713 Besteseller \u2713 Bester Preis-Leistungs-Vergleich \u2713 RDX \u2713 Evo Fitness\" \/>\n<meta name=\"robots\" content=\"index, follow, max-snippet:-1, max-image-preview:large, max-video-preview:-1\" \/>\n<link rel=\"canonical\" href=\"https:\/\/boxhandschuhe24-kaufen.de\/?page_id=495\" \/>\n<meta property=\"og:locale\" content=\"de_DE\" \/>\n<meta property=\"og:type\" content=\"article\" \/>\n<meta property=\"og:title\" content=\"=&gt; Boxhandschuhe Damen ++ Testsieger ++ Top 5 Preisvergleich\" \/>\n<meta property=\"og:description\" content=\"Boxhandschuhe Damen \u2713 Sparangebote \u2713 Jetzt Favorit w\u00e4hlen \u2713 Preisvergleich \u2713 Top 5 \u2713 Besteseller \u2713 Bester Preis-Leistungs-Vergleich \u2713 RDX \u2713 Evo Fitness\" \/>\n<meta property=\"og:url\" content=\"https:\/\/boxhandschuhe24-kaufen.de\/?page_id=495\" \/>\n<meta property=\"og:site_name\" content=\"boxhandschuhe24-kaufen.de\" \/>\n<meta property=\"article:modified_time\" content=\"2018-12-17T17:19:46+00:00\" \/>\n<meta property=\"og:image\" content=\"http:\/\/boxhandschuhe24-kaufen.de\/wp-content\/uploads\/2018\/12\/RDX-Frauen-Boxhandschuhe-Gel-Boxsack-Damen-Sparring-270x300.jpg\" \/>\n<meta name=\"twitter:card\" content=\"summary\" \/>\n<meta name=\"twitter:label1\" content=\"Gesch\u00e4tzte Lesezeit\" \/>\n\t<meta name=\"twitter:data1\" content=\"4\u00a0Minuten\" \/>\n<script type=\"application\/ld+json\" class=\"yoast-schema-graph\">{\"@context\":\"https:\/\/schema.org\",\"@graph\":[{\"@type\":\"WebSite\",\"@id\":\"https:\/\/boxhandschuhe24-kaufen.de\/#website\",\"url\":\"https:\/\/boxhandschuhe24-kaufen.de\/\",\"name\":\"boxhandschuhe24-kaufen.de\",\"description\":\"Test - Preisvergleiche und vieles mehr\",\"potentialAction\":[{\"@type\":\"SearchAction\",\"target\":{\"@type\":\"EntryPoint\",\"urlTemplate\":\"https:\/\/boxhandschuhe24-kaufen.de\/?s={search_term_string}\"},\"query-input\":\"required name=search_term_string\"}],\"inLanguage\":\"de\"},{\"@type\":\"ImageObject\",\"inLanguage\":\"de\",\"@id\":\"https:\/\/boxhandschuhe24-kaufen.de\/?page_id=495#primaryimage\",\"url\":\"https:\/\/boxhandschuhe24-kaufen.de\/wp-content\/uploads\/2018\/12\/RDX-Frauen-Boxhandschuhe-Gel-Boxsack-Damen-Sparring.jpg\",\"contentUrl\":\"https:\/\/boxhandschuhe24-kaufen.de\/wp-content\/uploads\/2018\/12\/RDX-Frauen-Boxhandschuhe-Gel-Boxsack-Damen-Sparring.jpg\",\"width\":1348,\"height\":1500,\"caption\":\"RDX Frauen Boxhandschuhe Gel Boxsack Damen Sparring\"},{\"@type\":\"WebPage\",\"@id\":\"https:\/\/boxhandschuhe24-kaufen.de\/?page_id=495#webpage\",\"url\":\"https:\/\/boxhandschuhe24-kaufen.de\/?page_id=495\",\"name\":\"=> Boxhandschuhe Damen ++ Testsieger ++ Top 5 Preisvergleich\",\"isPartOf\":{\"@id\":\"https:\/\/boxhandschuhe24-kaufen.de\/#website\"},\"primaryImageOfPage\":{\"@id\":\"https:\/\/boxhandschuhe24-kaufen.de\/?page_id=495#primaryimage\"},\"datePublished\":\"2018-12-12T13:03:27+00:00\",\"dateModified\":\"2018-12-17T17:19:46+00:00\",\"description\":\"Boxhandschuhe Damen \u2713 Sparangebote \u2713 Jetzt Favorit w\u00e4hlen \u2713 Preisvergleich \u2713 Top 5 \u2713 Besteseller \u2713 Bester Preis-Leistungs-Vergleich \u2713 RDX \u2713 Evo Fitness\",\"breadcrumb\":{\"@id\":\"https:\/\/boxhandschuhe24-kaufen.de\/?page_id=495#breadcrumb\"},\"inLanguage\":\"de\",\"potentialAction\":[{\"@type\":\"ReadAction\",\"target\":[\"https:\/\/boxhandschuhe24-kaufen.de\/?page_id=495\"]}]},{\"@type\":\"BreadcrumbList\",\"@id\":\"https:\/\/boxhandschuhe24-kaufen.de\/?page_id=495#breadcrumb\",\"itemListElement\":[{\"@type\":\"ListItem\",\"position\":1,\"name\":\"Startseite\",\"item\":\"https:\/\/boxhandschuhe24-kaufen.de\/\"},{\"@type\":\"ListItem\",\"position\":2,\"name\":\"Boxhandschuhe Damen\"}]}]}<\/script>\n<!-- \/ Yoast SEO plugin. -->","yoast_head_json":{"title":"=> Boxhandschuhe Damen ++ Testsieger ++ Top 5 Preisvergleich","description":"Boxhandschuhe Damen \u2713 Sparangebote \u2713 Jetzt Favorit w\u00e4hlen \u2713 Preisvergleich \u2713 Top 5 \u2713 Besteseller \u2713 Bester Preis-Leistungs-Vergleich \u2713 RDX \u2713 Evo Fitness","robots":{"index":"index","follow":"follow","max-snippet":"max-snippet:-1","max-image-preview":"max-image-preview:large","max-video-preview":"max-video-preview:-1"},"canonical":"https:\/\/boxhandschuhe24-kaufen.de\/?page_id=495","og_locale":"de_DE","og_type":"article","og_title":"=> Boxhandschuhe Damen ++ Testsieger ++ Top 5 Preisvergleich","og_description":"Boxhandschuhe Damen \u2713 Sparangebote \u2713 Jetzt Favorit w\u00e4hlen \u2713 Preisvergleich \u2713 Top 5 \u2713 Besteseller \u2713 Bester Preis-Leistungs-Vergleich \u2713 RDX \u2713 Evo Fitness","og_url":"https:\/\/boxhandschuhe24-kaufen.de\/?page_id=495","og_site_name":"boxhandschuhe24-kaufen.de","article_modified_time":"2018-12-17T17:19:46+00:00","og_image":[{"url":"http:\/\/boxhandschuhe24-kaufen.de\/wp-content\/uploads\/2018\/12\/RDX-Frauen-Boxhandschuhe-Gel-Boxsack-Damen-Sparring-270x300.jpg"}],"twitter_card":"summary","twitter_misc":{"Gesch\u00e4tzte Lesezeit":"4\u00a0Minuten"},"schema":{"@context":"https:\/\/schema.org","@graph":[{"@type":"WebSite","@id":"https:\/\/boxhandschuhe24-kaufen.de\/#website","url":"https:\/\/boxhandschuhe24-kaufen.de\/","name":"boxhandschuhe24-kaufen.de","description":"Test - Preisvergleiche und vieles mehr","potentialAction":[{"@type":"SearchAction","target":{"@type":"EntryPoint","urlTemplate":"https:\/\/boxhandschuhe24-kaufen.de\/?s={search_term_string}"},"query-input":"required name=search_term_string"}],"inLanguage":"de"},{"@type":"ImageObject","inLanguage":"de","@id":"https:\/\/boxhandschuhe24-kaufen.de\/?page_id=495#primaryimage","url":"https:\/\/boxhandschuhe24-kaufen.de\/wp-content\/uploads\/2018\/12\/RDX-Frauen-Boxhandschuhe-Gel-Boxsack-Damen-Sparring.jpg","contentUrl":"https:\/\/boxhandschuhe24-kaufen.de\/wp-content\/uploads\/2018\/12\/RDX-Frauen-Boxhandschuhe-Gel-Boxsack-Damen-Sparring.jpg","width":1348,"height":1500,"caption":"RDX Frauen Boxhandschuhe Gel Boxsack Damen Sparring"},{"@type":"WebPage","@id":"https:\/\/boxhandschuhe24-kaufen.de\/?page_id=495#webpage","url":"https:\/\/boxhandschuhe24-kaufen.de\/?page_id=495","name":"=> Boxhandschuhe Damen ++ Testsieger ++ Top 5 Preisvergleich","isPartOf":{"@id":"https:\/\/boxhandschuhe24-kaufen.de\/#website"},"primaryImageOfPage":{"@id":"https:\/\/boxhandschuhe24-kaufen.de\/?page_id=495#primaryimage"},"datePublished":"2018-12-12T13:03:27+00:00","dateModified":"2018-12-17T17:19:46+00:00","description":"Boxhandschuhe Damen \u2713 Sparangebote \u2713 Jetzt Favorit w\u00e4hlen \u2713 Preisvergleich \u2713 Top 5 \u2713 Besteseller \u2713 Bester Preis-Leistungs-Vergleich \u2713 RDX \u2713 Evo Fitness","breadcrumb":{"@id":"https:\/\/boxhandschuhe24-kaufen.de\/?page_id=495#breadcrumb"},"inLanguage":"de","potentialAction":[{"@type":"ReadAction","target":["https:\/\/boxhandschuhe24-kaufen.de\/?page_id=495"]}]},{"@type":"BreadcrumbList","@id":"https:\/\/boxhandschuhe24-kaufen.de\/?page_id=495#breadcrumb","itemListElement":[{"@type":"ListItem","position":1,"name":"Startseite","item":"https:\/\/boxhandschuhe24-kaufen.de\/"},{"@type":"ListItem","position":2,"name":"Boxhandschuhe Damen"}]}]}},"_links":{"self":[{"href":"https:\/\/boxhandschuhe24-kaufen.de\/index.php?rest_route=\/wp\/v2\/pages\/495","targetHints":{"allow":["GET"]}}],"collection":[{"href":"https:\/\/boxhandschuhe24-kaufen.de\/index.php?rest_route=\/wp\/v2\/pages"}],"about":[{"href":"https:\/\/boxhandschuhe24-kaufen.de\/index.php?rest_route=\/wp\/v2\/types\/page"}],"author":[{"embeddable":true,"href":"https:\/\/boxhandschuhe24-kaufen.de\/index.php?rest_route=\/wp\/v2\/users\/1"}],"replies":[{"embeddable":true,"href":"https:\/\/boxhandschuhe24-kaufen.de\/index.php?rest_route=%2Fwp%2Fv2%2Fcomments&post=495"}],"version-history":[{"count":10,"href":"https:\/\/boxhandschuhe24-kaufen.de\/index.php?rest_route=\/wp\/v2\/pages\/495\/revisions"}],"predecessor-version":[{"id":541,"href":"https:\/\/boxhandschuhe24-kaufen.de\/index.php?rest_route=\/wp\/v2\/pages\/495\/revisions\/541"}],"wp:attachment":[{"href":"https:\/\/boxhandschuhe24-kaufen.de\/index.php?rest_route=%2Fwp%2Fv2%2Fmedia&parent=495"}],"curies":[{"name":"wp","href":"https:\/\/api.w.org\/{rel}","templated":true}]}}